{"id":2,"date":"2015-01-22T12:48:40","date_gmt":"2015-01-22T12:48:40","guid":{"rendered":"http:\/\/www.brigitte-blaurock.de\/?page_id=2"},"modified":"2024-11-07T10:31:50","modified_gmt":"2024-11-07T10:31:50","slug":"beispiel-seite","status":"publish","type":"page","link":"http:\/\/www.brigitte-blaurock.de\/?page_id=2","title":{"rendered":"\u00dcber mich"},"content":{"rendered":"<h2 style=\"text-align: left;\">Kurzbeschreibung meines k\u00fcnstlerischen Schaffens<\/h2>\n<p><img loading=\"lazy\" decoding=\"async\" class=\"alignleft\" src=\"https:\/\/www.brigitte-blaurock.de\/wp-content\/uploads\/2024\/11\/20230911_145321-225x300.jpg\" alt=\"\" width=\"122\" height=\"163\" \/>Das Gestalten mit verschiedenen Materialien, Holz, Metall, Stoffen, Farben usw. hat mich schon immer fasziniert. Dabei ergaben sich f\u00fcr mich verschiedene k\u00fcnstlerische M\u00f6glichkeiten, was f\u00fcr mich jedes Mal ein Abenteuer ist. Zu bestimmten Themen, Gedanken, Gedichten und Texten gestalte ich Bilder und lasse mich von ihnen Inspirieren. Jedes Bild dr\u00e4ngt dann nach inniger Stimmigkeit. Das Finden und das Verbinden l\u00f6st jedes Mal einen gro\u00dfen Spannungsbogen aus. Aus diesem Spannungsfeld, zwischen den verschiedenen Materialien und der sinnlichen Wahrnehmung, entwickelt sich dann mein kreativer Prozess. Dabei entstehen Gl\u00fccksmomente, wenn die Verzerrungen und Vorstellungen innerlich ausgeglichen werden k\u00f6nnen. Ich erfahre dann an dem Bild eine r\u00e4umliche, seelische und geistige Tiefe. Die Art der Collagenarbeit inspiriert mich sehr und nach meinen f\u00fcnf Ausstellungen, m\u00f6chte ich nun meine Kunstwerke einer breiten \u00d6ffentlichkeit zeigen.<\/p>\n<p style=\"text-align: left;\">Brigitte Blaurock<\/p>\n","protected":false},"excerpt":{"rendered":"<p>Kurzbeschreibung meines k\u00fcnstlerischen Schaffens Das Gestalten mit verschiedenen Materialien, Holz, Metall, Stoffen, Farben usw. hat mich schon immer fasziniert. Dabei ergaben sich f\u00fcr mich verschiedene k\u00fcnstlerische M\u00f6glichkeiten, was f\u00fcr mich jedes Mal ein Abenteuer ist. Zu bestimmten Themen, Gedanken, Gedichten und Texten gestalte ich Bilder und lasse mich von ihnen Inspirieren. Jedes Bild dr\u00e4ngt dann &#8230; <a title=\"\u00dcber mich\" class=\"read-more\" href=\"http:\/\/www.brigitte-blaurock.de\/?page_id=2\" aria-label=\"Mehr Informationen \u00fcber \u00dcber mich\">Weiterlesen<\/a><\/p>\n","protected":false},"author":2,"featured_media":0,"parent":0,"menu_order":1,"comment_status":"open","ping_status":"open","template":"","meta":{"footnotes":""},"class_list":["post-2","page","type-page","status-publish"],"_links":{"self":[{"href":"http:\/\/www.brigitte-blaurock.de\/index.php?rest_route=\/wp\/v2\/pages\/2","targetHints":{"allow":["GET"]}}],"collection":[{"href":"http:\/\/www.brigitte-blaurock.de\/index.php?rest_route=\/wp\/v2\/pages"}],"about":[{"href":"http:\/\/www.brigitte-blaurock.de\/index.php?rest_route=\/wp\/v2\/types\/page"}],"author":[{"embeddable":true,"href":"http:\/\/www.brigitte-blaurock.de\/index.php?rest_route=\/wp\/v2\/users\/2"}],"replies":[{"embeddable":true,"href":"http:\/\/www.brigitte-blaurock.de\/index.php?rest_route=%2Fwp%2Fv2%2Fcomments&post=2"}],"version-history":[{"count":37,"href":"http:\/\/www.brigitte-blaurock.de\/index.php?rest_route=\/wp\/v2\/pages\/2\/revisions"}],"predecessor-version":[{"id":1322,"href":"http:\/\/www.brigitte-blaurock.de\/index.php?rest_route=\/wp\/v2\/pages\/2\/revisions\/1322"}],"wp:attachment":[{"href":"http:\/\/www.brigitte-blaurock.de\/index.php?rest_route=%2Fwp%2Fv2%2Fmedia&parent=2"}],"curies":[{"name":"wp","href":"https:\/\/api.w.org\/{rel}","templated":true}]}}